{"id":10,"date":"2024-02-29T15:57:18","date_gmt":"2024-02-29T15:57:18","guid":{"rendered":"https:\/\/beachexperienceamsterdam.nl\/?page_id=10"},"modified":"2024-03-04T15:20:02","modified_gmt":"2024-03-04T15:20:02","slug":"homepage","status":"publish","type":"page","link":"https:\/\/beachexperienceamsterdam.nl\/","title":{"rendered":"Homepage"},"content":{"rendered":"<div class=\"wp-block-image\">\n<figure class=\"aligncenter size-large is-resized\"><img fetchpriority=\"high\" decoding=\"async\" width=\"1024\" height=\"512\" src=\"https:\/\/beachexperienceamsterdam.nl\/wp-content\/uploads\/2024\/02\/bgheader-1024x512.png\" alt=\"\" class=\"wp-image-17\" style=\"width:1450px;height:auto\" srcset=\"https:\/\/beachexperienceamsterdam.nl\/wp-content\/uploads\/2024\/02\/bgheader-1024x512.png 1024w, https:\/\/beachexperienceamsterdam.nl\/wp-content\/uploads\/2024\/02\/bgheader-300x150.png 300w, https:\/\/beachexperienceamsterdam.nl\/wp-content\/uploads\/2024\/02\/bgheader-768x384.png 768w, https:\/\/beachexperienceamsterdam.nl\/wp-content\/uploads\/2024\/02\/bgheader-1536x768.png 1536w, https:\/\/beachexperienceamsterdam.nl\/wp-content\/uploads\/2024\/02\/bgheader.png 1600w\" sizes=\"(max-width: 1024px) 100vw, 1024px\" \/><\/figure>\n<\/div>\n\n\n<p>Discover the hidden gem of the Dutch coast with the brand-new &#8216;Beach Experience Amsterdam&#8217;. Starting at the picturesque dune gate Langevelderslag, nestled in the heart of the Hollandse Duinen National Park, this unique experience offers an immersive journey through the breathtaking nature and rich history of the area. As you make your way through the whispering dunes, the salty sea air will guide you to the expansive beaches and cool waters of the North Sea.<\/p>\n\n\n\n<p>The &#8216;Beach Experience Amsterdam&#8217; is more than just a regular day at the beach; it&#8217;s an educational journey that brings the historical tales of the region to life. You&#8217;ll get lost in the beauty of the local flora and fauna, with every turn in the path revealing new surprises.<\/p>\n\n\n\n<p>For the adventurous spirits, there are both walking and biking routes available, carefully laid out to lead you through the most enchanting spots. Don&#8217;t forget your camera, as the &#8216;Beach Experience Amsterdam&#8217; offers countless photogenic locations waiting to be captured, from dramatic dune landscapes to serene sea sunsets. Whether you&#8217;re an avid nature lover or just looking for a unique day out with the whole family, the &#8216;Beach Experience Amsterdam&#8217; promises an unforgettable experience that enriches the soul and stimulates the senses. Step into a world where every step brings you closer to nature and every view tells a new story. Welcome to the &#8216;Beach Experience Amsterdam&#8217;, where the wonders of the Dutch coast await you.<\/p>\n\n\n\n<div class=\"wp-block-buttons is-content-justification-center is-layout-flex wp-container-core-buttons-is-layout-16018d1d wp-block-buttons-is-layout-flex\">\n<div class=\"wp-block-button\"><a class=\"wp-block-button__link wp-element-button\" href=\"https:\/\/beachexperienceamsterdam.nl\/?page_id=80\">Contact<\/a><\/div>\n<\/div>\n\n\n\n<div class=\"wp-block-group alignwide is-content-justification-center is-nowrap is-layout-flex wp-container-core-group-is-layout-94bc23d7 wp-block-group-is-layout-flex\">\n<figure class=\"wp-block-image size-full is-resized\"><a href=\"https:\/\/www.noordvoort.nl\/\" target=\"_blank\" rel=\"noreferrer noopener\"><img decoding=\"async\" width=\"360\" height=\"140\" src=\"https:\/\/beachexperienceamsterdam.nl\/wp-content\/uploads\/2024\/03\/noordvoort.png\" alt=\"\" class=\"wp-image-62\" style=\"width:229px;height:auto\" srcset=\"https:\/\/beachexperienceamsterdam.nl\/wp-content\/uploads\/2024\/03\/noordvoort.png 360w, https:\/\/beachexperienceamsterdam.nl\/wp-content\/uploads\/2024\/03\/noordvoort-300x117.png 300w\" sizes=\"(max-width: 360px) 100vw, 360px\" \/><\/a><\/figure>\n\n\n<div class=\"wp-block-image\">\n<figure class=\"aligncenter size-full is-resized\"><a href=\"https:\/\/www.staatsbosbeheer.nl\/\" target=\"_blank\" rel=\"noreferrer noopener\"><img decoding=\"async\" width=\"225\" height=\"180\" src=\"https:\/\/beachexperienceamsterdam.nl\/wp-content\/uploads\/2024\/03\/Staatsbosbeheer.jpg\" alt=\"\" class=\"wp-image-60\" style=\"width:163px;height:auto\"\/><\/a><\/figure>\n<\/div>\n\n\n<figure class=\"wp-block-image size-full is-resized\"><a href=\"https:\/\/awd.waternet.nl\/ \" target=\"_blank\" rel=\"noreferrer noopener\"><img loading=\"lazy\" decoding=\"async\" width=\"179\" height=\"112\" src=\"https:\/\/beachexperienceamsterdam.nl\/wp-content\/uploads\/2024\/03\/amsterdamse-waterleidingduinen-edited.jpeg\" alt=\"\" class=\"wp-image-67\" style=\"width:195px;height:auto\"\/><\/a><\/figure>\n\n\n\n<figure class=\"wp-block-image size-full is-resized\"><a href=\"https:\/\/www.nationaalparkhollandseduinen.nl\/\" target=\"_blank\" rel=\"noreferrer noopener\"><img loading=\"lazy\" decoding=\"async\" width=\"303\" height=\"166\" src=\"https:\/\/beachexperienceamsterdam.nl\/wp-content\/uploads\/2024\/03\/nationaal-park-hollandse-duinen.png\" alt=\"\" class=\"wp-image-65\" style=\"width:222px;height:auto\" srcset=\"https:\/\/beachexperienceamsterdam.nl\/wp-content\/uploads\/2024\/03\/nationaal-park-hollandse-duinen.png 303w, https:\/\/beachexperienceamsterdam.nl\/wp-content\/uploads\/2024\/03\/nationaal-park-hollandse-duinen-300x164.png 300w\" sizes=\"(max-width: 303px) 100vw, 303px\" \/><\/a><\/figure>\n\n\n\n<figure class=\"wp-block-image size-full is-resized\"><a href=\"https:\/\/www.zuidhollandslandschap.nl\/\" target=\"_blank\" rel=\"noreferrer noopener\"><img loading=\"lazy\" decoding=\"async\" width=\"250\" height=\"188\" src=\"https:\/\/beachexperienceamsterdam.nl\/wp-content\/uploads\/2024\/03\/zuid_hollands_landschap-edited.jpg\" alt=\"\" class=\"wp-image-66\" style=\"width:176px;height:auto\"\/><\/a><\/figure>\n\n\n\n<figure class=\"wp-block-image size-large is-resized\"><a href=\"https:\/\/www.blauwevlag.nl\/\" target=\"_blank\" rel=\"noreferrer noopener\"><img loading=\"lazy\" decoding=\"async\" width=\"1024\" height=\"731\" src=\"https:\/\/beachexperienceamsterdam.nl\/wp-content\/uploads\/2024\/03\/Blue_Flag_Logo.svg_-1024x731.png\" alt=\"\" class=\"wp-image-64\" style=\"width:173px;height:auto\" srcset=\"https:\/\/beachexperienceamsterdam.nl\/wp-content\/uploads\/2024\/03\/Blue_Flag_Logo.svg_-1024x731.png 1024w, https:\/\/beachexperienceamsterdam.nl\/wp-content\/uploads\/2024\/03\/Blue_Flag_Logo.svg_-300x214.png 300w, https:\/\/beachexperienceamsterdam.nl\/wp-content\/uploads\/2024\/03\/Blue_Flag_Logo.svg_-768x548.png 768w, https:\/\/beachexperienceamsterdam.nl\/wp-content\/uploads\/2024\/03\/Blue_Flag_Logo.svg_.png 1280w\" sizes=\"(max-width: 1024px) 100vw, 1024px\" \/><\/a><\/figure>\n<\/div>\n\n\n\n<figure class=\"wp-block-gallery aligncenter has-nested-images columns-default is-cropped wp-block-gallery-1 is-layout-flex wp-block-gallery-is-layout-flex\">\n<figure class=\"wp-block-image size-large\"><img loading=\"lazy\" decoding=\"async\" width=\"1024\" height=\"603\" data-id=\"23\" src=\"https:\/\/beachexperienceamsterdam.nl\/wp-content\/uploads\/2024\/02\/0d904308-14b5-4b45-ada9-d957b16b8a0d_thumb1920-1024x603.jpg\" alt=\"\" class=\"wp-image-23\" srcset=\"https:\/\/beachexperienceamsterdam.nl\/wp-content\/uploads\/2024\/02\/0d904308-14b5-4b45-ada9-d957b16b8a0d_thumb1920-1024x603.jpg 1024w, https:\/\/beachexperienceamsterdam.nl\/wp-content\/uploads\/2024\/02\/0d904308-14b5-4b45-ada9-d957b16b8a0d_thumb1920-300x177.jpg 300w, https:\/\/beachexperienceamsterdam.nl\/wp-content\/uploads\/2024\/02\/0d904308-14b5-4b45-ada9-d957b16b8a0d_thumb1920-768x452.jpg 768w, https:\/\/beachexperienceamsterdam.nl\/wp-content\/uploads\/2024\/02\/0d904308-14b5-4b45-ada9-d957b16b8a0d_thumb1920-1536x904.jpg 1536w, https:\/\/beachexperienceamsterdam.nl\/wp-content\/uploads\/2024\/02\/0d904308-14b5-4b45-ada9-d957b16b8a0d_thumb1920.jpg 1918w\" sizes=\"(max-width: 1024px) 100vw, 1024px\" \/><\/figure>\n\n\n\n<figure class=\"wp-block-image size-large\"><img loading=\"lazy\" decoding=\"async\" width=\"1024\" height=\"683\" data-id=\"24\" src=\"https:\/\/beachexperienceamsterdam.nl\/wp-content\/uploads\/2024\/02\/8ba386da-79db-4254-85c9-0cb4c134a968-vosje-in-de-duinen-1024x683.webp\" alt=\"\" class=\"wp-image-24\" srcset=\"https:\/\/beachexperienceamsterdam.nl\/wp-content\/uploads\/2024\/02\/8ba386da-79db-4254-85c9-0cb4c134a968-vosje-in-de-duinen-1024x683.webp 1024w, https:\/\/beachexperienceamsterdam.nl\/wp-content\/uploads\/2024\/02\/8ba386da-79db-4254-85c9-0cb4c134a968-vosje-in-de-duinen-300x200.webp 300w, https:\/\/beachexperienceamsterdam.nl\/wp-content\/uploads\/2024\/02\/8ba386da-79db-4254-85c9-0cb4c134a968-vosje-in-de-duinen-768x512.webp 768w, https:\/\/beachexperienceamsterdam.nl\/wp-content\/uploads\/2024\/02\/8ba386da-79db-4254-85c9-0cb4c134a968-vosje-in-de-duinen.webp 1536w\" sizes=\"(max-width: 1024px) 100vw, 1024px\" \/><\/figure>\n\n\n\n<figure class=\"wp-block-image size-large\"><img loading=\"lazy\" decoding=\"async\" width=\"1024\" height=\"768\" data-id=\"25\" src=\"https:\/\/beachexperienceamsterdam.nl\/wp-content\/uploads\/2024\/02\/bloeiende-bollestreek-project-greenport-duin-en-bollenstreek-1024x768.jpg\" alt=\"\" class=\"wp-image-25\" srcset=\"https:\/\/beachexperienceamsterdam.nl\/wp-content\/uploads\/2024\/02\/bloeiende-bollestreek-project-greenport-duin-en-bollenstreek-1024x768.jpg 1024w, https:\/\/beachexperienceamsterdam.nl\/wp-content\/uploads\/2024\/02\/bloeiende-bollestreek-project-greenport-duin-en-bollenstreek-300x225.jpg 300w, https:\/\/beachexperienceamsterdam.nl\/wp-content\/uploads\/2024\/02\/bloeiende-bollestreek-project-greenport-duin-en-bollenstreek-768x576.jpg 768w, https:\/\/beachexperienceamsterdam.nl\/wp-content\/uploads\/2024\/02\/bloeiende-bollestreek-project-greenport-duin-en-bollenstreek-1536x1152.jpg 1536w, https:\/\/beachexperienceamsterdam.nl\/wp-content\/uploads\/2024\/02\/bloeiende-bollestreek-project-greenport-duin-en-bollenstreek.jpg 1600w\" sizes=\"(max-width: 1024px) 100vw, 1024px\" \/><\/figure>\n\n\n\n<figure class=\"wp-block-image size-large\"><img loading=\"lazy\" decoding=\"async\" width=\"275\" height=\"183\" data-id=\"22\" src=\"https:\/\/beachexperienceamsterdam.nl\/wp-content\/uploads\/2024\/02\/images-2.jpeg\" alt=\"\" class=\"wp-image-22\"\/><\/figure>\n\n\n\n<figure class=\"wp-block-image size-large\"><img loading=\"lazy\" decoding=\"async\" width=\"657\" height=\"458\" data-id=\"27\" src=\"https:\/\/beachexperienceamsterdam.nl\/wp-content\/uploads\/2024\/02\/overview_b_royaldelft.jpg\" alt=\"\" class=\"wp-image-27\" srcset=\"https:\/\/beachexperienceamsterdam.nl\/wp-content\/uploads\/2024\/02\/overview_b_royaldelft.jpg 657w, https:\/\/beachexperienceamsterdam.nl\/wp-content\/uploads\/2024\/02\/overview_b_royaldelft-300x209.jpg 300w\" sizes=\"(max-width: 657px) 100vw, 657px\" \/><\/figure>\n\n\n\n<figure class=\"wp-block-image size-large\"><img loading=\"lazy\" decoding=\"async\" width=\"1024\" height=\"576\" data-id=\"28\" src=\"https:\/\/beachexperienceamsterdam.nl\/wp-content\/uploads\/2024\/02\/Rederij-van-Hulst_Blog_Bollenstreek_header-1024x576.png\" alt=\"\" class=\"wp-image-28\" srcset=\"https:\/\/beachexperienceamsterdam.nl\/wp-content\/uploads\/2024\/02\/Rederij-van-Hulst_Blog_Bollenstreek_header-1024x576.png 1024w, https:\/\/beachexperienceamsterdam.nl\/wp-content\/uploads\/2024\/02\/Rederij-van-Hulst_Blog_Bollenstreek_header-300x169.png 300w, https:\/\/beachexperienceamsterdam.nl\/wp-content\/uploads\/2024\/02\/Rederij-van-Hulst_Blog_Bollenstreek_header-768x432.png 768w, https:\/\/beachexperienceamsterdam.nl\/wp-content\/uploads\/2024\/02\/Rederij-van-Hulst_Blog_Bollenstreek_header-1536x864.png 1536w, https:\/\/beachexperienceamsterdam.nl\/wp-content\/uploads\/2024\/02\/Rederij-van-Hulst_Blog_Bollenstreek_header-2048x1152.png 2048w\" sizes=\"(max-width: 1024px) 100vw, 1024px\" \/><\/figure>\n\n\n\n<figure class=\"wp-block-image size-large\"><img loading=\"lazy\" decoding=\"async\" width=\"1024\" height=\"683\" data-id=\"26\" src=\"https:\/\/beachexperienceamsterdam.nl\/wp-content\/uploads\/2024\/02\/unnamed-file-1024x683.jpg\" alt=\"\" class=\"wp-image-26\" srcset=\"https:\/\/beachexperienceamsterdam.nl\/wp-content\/uploads\/2024\/02\/unnamed-file-1024x683.jpg 1024w, https:\/\/beachexperienceamsterdam.nl\/wp-content\/uploads\/2024\/02\/unnamed-file-300x200.jpg 300w, https:\/\/beachexperienceamsterdam.nl\/wp-content\/uploads\/2024\/02\/unnamed-file-768x512.jpg 768w, https:\/\/beachexperienceamsterdam.nl\/wp-content\/uploads\/2024\/02\/unnamed-file-1536x1024.jpg 1536w, https:\/\/beachexperienceamsterdam.nl\/wp-content\/uploads\/2024\/02\/unnamed-file.jpg 1800w\" sizes=\"(max-width: 1024px) 100vw, 1024px\" \/><\/figure>\n<\/figure>\n\n\n\n<div class=\"wp-block-columns is-layout-flex wp-container-core-columns-is-layout-9d6595d7 wp-block-columns-is-layout-flex\">\n<div class=\"wp-block-column is-layout-flow wp-block-column-is-layout-flow\" style=\"flex-basis:100%\">\n<h6 class=\"wp-block-heading\">Deutsch<\/h6>\n\n\n\n<p>Entdecken Sie das verborgene Juwel der niederl\u00e4ndischen K\u00fcste mit dem brandneuen &#8216;Beach Experience Amsterdam&#8217;. Beginnend am malerischen D\u00fcnentor Langevelderslag, im Herzen des Nationalparks Hollandse Duinen gelegen, bietet dieses einzigartige Erlebnis eine fesselnde Reise durch die atemberaubende Natur und die reiche Geschichte der Gegend. W\u00e4hrend Sie sich Ihren Weg durch die fl\u00fcsternden D\u00fcnen bahnen, wird die salzige Meeresluft Sie zu den weitl\u00e4ufigen Str\u00e4nden und den k\u00fchlen Gew\u00e4ssern der Nordsee f\u00fchren.<\/p>\n\n\n\n<p>Die &#8216;Beach Experience Amsterdam&#8217; ist mehr als nur ein gew\u00f6hnlicher Tag am Strand; es ist eine bildende Reise, die die historischen Geschichten der Region zum Leben erweckt. Sie werden sich in die Sch\u00f6nheit der lokalen Flora und Fauna verlieren, wobei jede Wendung des Weges neue \u00dcberraschungen offenbart.<\/p>\n\n\n\n<p>F\u00fcr die abenteuerlustigen Geister gibt es sowohl Wander- als auch Fahrradrouten, die sorgf\u00e4ltig angelegt wurden, um Sie durch die zauberhaftesten Orte zu f\u00fchren. Vergessen Sie nicht Ihre Kamera, denn die &#8216;Beach Experience Amsterdam&#8217; bietet unz\u00e4hlige fotogene Orte, die darauf warten, festgehalten zu werden, von dramatischen D\u00fcnenlandschaften bis hin zu ruhigen Meeresunterg\u00e4ngen.<\/p>\n\n\n\n<p>Egal, ob Sie ein leidenschaftlicher Naturliebhaber sind oder einfach nur einen einzigartigen Tag mit der ganzen Familie suchen, die &#8216;Beach Experience Amsterdam&#8217; verspricht ein unvergessliches Erlebnis, das die Seele bereichert und die Sinne anregt. Treten Sie ein in eine Welt, in der jeder Schritt Sie der Natur n\u00e4her bringt und jeder Ausblick eine neue Geschichte erz\u00e4hlt. Willkommen bei der &#8216;Beach Experience Amsterdam&#8217;, wo die Wunder der niederl\u00e4ndischen K\u00fcste auf Sie warten.<\/p>\n<\/div>\n<\/div>\n\n\n\n<h6 class=\"wp-block-heading\">Nederlands<\/h6>\n\n\n\n<p>Ontdek de verborgen parel van de Nederlandse kust met de gloednieuwe &#8216;Beach Experience Amsterdam&#8217;. Beginnend bij de schilderachtige duinpoort Langevelderslag, genesteld in het hart van het Nationaal Park Hollandse Duinen, biedt deze unieke ervaring een meeslepende reis door de adembenemende natuur en rijke geschiedenis van het gebied. Terwijl je je een weg baant door de fluisterende duinen, zal de zilte zeelucht je begeleiden naar de uitgestrekte stranden en de koele wateren van de Noordzee.<\/p>\n\n\n\n<p>De &#8216;Beach Experience Amsterdam&#8217; is meer dan een gewone stranddag; het is een educatieve reis die de historische verhalen van de regio tot leven brengt. Je zult verdwalen in de schoonheid van de lokale flora en fauna, waarbij elke bocht in het pad nieuwe verrassingen onthult.<\/p>\n\n\n\n<p>Voor de avontuurlijke geesten zijn er zowel wandel- als fietsroutes beschikbaar, zorgvuldig uitgestippeld om je langs de meest betoverende plekjes te leiden. Vergeet je camera niet, want de &#8216;Beach Experience Amsterdam&#8217; biedt talloze fotogenieke locaties die wachten om vastgelegd te worden, van dramatische duinlandschappen tot serene zonsondergangen aan zee. Of je nu een fervente natuurliefhebber bent of gewoon op zoek bent naar een unieke dag uit met de hele familie, de &#8216;Beach Experience Amsterdam&#8217; belooft een onvergetelijke ervaring die de ziel verrijkt en de zintuigen prikkelt. Stap in een wereld waar elke stap je dichter bij de natuur brengt en elk uitzicht een nieuw verhaal vertelt. Welkom bij de &#8216;Beach Experience Amsterdam&#8217;, waar de wonderen van de Nederlandse kust op je wachten.<\/p>\n\n\n\n<div class=\"wp-block-buttons is-content-justification-center is-layout-flex wp-container-core-buttons-is-layout-16018d1d wp-block-buttons-is-layout-flex\">\n<div class=\"wp-block-button\"><a class=\"wp-block-button__link wp-element-button\" href=\"https:\/\/beachexperienceamsterdam.nl\/?page_id=80\">Contact<\/a><\/div>\n<\/div>\n","protected":false},"excerpt":{"rendered":"<p>Discover the hidden gem of the Dutch coast with the brand-new &#8216;Beach Experience Amsterdam&#8217;. Starting at the picturesque dune gate Langevelderslag, nestled in the heart of the Hollandse Duinen National Park, this unique experience offers an immersive journey through the breathtaking nature and rich history of the area. As you make your way through the&#8230;<\/p>\n","protected":false},"author":2,"featured_media":0,"parent":0,"menu_order":0,"comment_status":"closed","ping_status":"closed","template":"","meta":{"_kadence_starter_templates_imported_post":false,"_kad_post_transparent":"","_kad_post_title":"","_kad_post_layout":"","_kad_post_sidebar_id":"","_kad_post_content_style":"","_kad_post_vertical_padding":"","_kad_post_feature":"","_kad_post_feature_position":"","_kad_post_header":false,"_kad_post_footer":false,"footnotes":""},"class_list":["post-10","page","type-page","status-publish","hentry"],"_links":{"self":[{"href":"https:\/\/beachexperienceamsterdam.nl\/index.php?rest_route=\/wp\/v2\/pages\/10","targetHints":{"allow":["GET"]}}],"collection":[{"href":"https:\/\/beachexperienceamsterdam.nl\/index.php?rest_route=\/wp\/v2\/pages"}],"about":[{"href":"https:\/\/beachexperienceamsterdam.nl\/index.php?rest_route=\/wp\/v2\/types\/page"}],"author":[{"embeddable":true,"href":"https:\/\/beachexperienceamsterdam.nl\/index.php?rest_route=\/wp\/v2\/users\/2"}],"replies":[{"embeddable":true,"href":"https:\/\/beachexperienceamsterdam.nl\/index.php?rest_route=%2Fwp%2Fv2%2Fcomments&post=10"}],"version-history":[{"count":9,"href":"https:\/\/beachexperienceamsterdam.nl\/index.php?rest_route=\/wp\/v2\/pages\/10\/revisions"}],"predecessor-version":[{"id":96,"href":"https:\/\/beachexperienceamsterdam.nl\/index.php?rest_route=\/wp\/v2\/pages\/10\/revisions\/96"}],"wp:attachment":[{"href":"https:\/\/beachexperienceamsterdam.nl\/index.php?rest_route=%2Fwp%2Fv2%2Fmedia&parent=10"}],"curies":[{"name":"wp","href":"https:\/\/api.w.org\/{rel}","templated":true}]}}